{"id":546,"date":"2025-07-14T05:31:21","date_gmt":"2025-07-14T03:31:21","guid":{"rendered":"https:\/\/suministroselectronicos.com\/?post_type=product&#038;p=546"},"modified":"2025-10-27T14:07:43","modified_gmt":"2025-10-27T19:07:43","slug":"cable-plug-3-5-estereo-a-plug-1-4-mono-ts-1-8-mts","status":"publish","type":"product","link":"https:\/\/suministroselectronicos.com\/index.php\/product\/cable-plug-3-5-estereo-a-plug-1-4-mono-ts-1-8-mts\/","title":{"rendered":"Cable plug 3.5 estereo a plug 1\/4 mono ts 1.8 mts"},"content":{"rendered":"<p>CARACTERISTICAS TECNICAS<br \/>\n-Marca: Digital<br \/>\n&#8211; Conector de entrada: PLUG 3.5 TRS MACHO<br \/>\n&#8211; Conector de salida: PLUG 1\/4 MONO MACHO<br \/>\n&#8211; Herraje o conector met\u00e1lico en cada extremo.<br \/>\n&#8211; Blindaje anti-interferencias EMI (Interferencias electromagn\u00e9ticas).<br \/>\n&#8211; Tres polos que transportan se\u00f1ales balanceadas.<br \/>\n&#8211; Cable flexible de alta durabilidad<\/p>\n","protected":false},"excerpt":{"rendered":"<p>Ideal para m\u00fasicos o t\u00e9cnicos de sonido que necesitan adaptar una salida est\u00e9reo a una entrada mono profesional. Muy \u00fatil en estudios, ensayos o en presentaciones en vivo.<\/p>\n","protected":false},"featured_media":225,"comment_status":"closed","ping_status":"closed","template":"","meta":{"_joinchat":[]},"product_brand":[],"product_cat":[780,801],"product_tag":[204,190,183,106,188,205,208,189,175,207],"class_list":{"0":"post-546","1":"product","2":"type-product","3":"status-publish","4":"has-post-thumbnail","6":"product_cat-sonido","7":"product_cat-cables-convertidores-de-sonido","8":"product_tag-1-8m","9":"product_tag-1-4","10":"product_tag-3-5mm","11":"product_tag-adaptador","12":"product_tag-audio","13":"product_tag-equipo","14":"product_tag-mono","15":"product_tag-plug","16":"product_tag-senal","17":"product_tag-ts","19":"first","20":"instock","21":"taxable","22":"shipping-taxable","23":"purchasable","24":"product-type-simple"},"_links":{"self":[{"href":"https:\/\/suministroselectronicos.com\/index.php\/wp-json\/wp\/v2\/product\/546","targetHints":{"allow":["GET"]}}],"collection":[{"href":"https:\/\/suministroselectronicos.com\/index.php\/wp-json\/wp\/v2\/product"}],"about":[{"href":"https:\/\/suministroselectronicos.com\/index.php\/wp-json\/wp\/v2\/types\/product"}],"replies":[{"embeddable":true,"href":"https:\/\/suministroselectronicos.com\/index.php\/wp-json\/wp\/v2\/comments?post=546"}],"wp:featuredmedia":[{"embeddable":true,"href":"https:\/\/suministroselectronicos.com\/index.php\/wp-json\/wp\/v2\/media\/225"}],"wp:attachment":[{"href":"https:\/\/suministroselectronicos.com\/index.php\/wp-json\/wp\/v2\/media?parent=546"}],"wp:term":[{"taxonomy":"product_brand","embeddable":true,"href":"https:\/\/suministroselectronicos.com\/index.php\/wp-json\/wp\/v2\/product_brand?post=546"},{"taxonomy":"product_cat","embeddable":true,"href":"https:\/\/suministroselectronicos.com\/index.php\/wp-json\/wp\/v2\/product_cat?post=546"},{"taxonomy":"product_tag","embeddable":true,"href":"https:\/\/suministroselectronicos.com\/index.php\/wp-json\/wp\/v2\/product_tag?post=546"}],"curies":[{"name":"wp","href":"https:\/\/api.w.org\/{rel}","templated":true}]}}