{"id":539,"date":"2025-07-14T05:31:09","date_gmt":"2025-07-14T03:31:09","guid":{"rendered":"https:\/\/suministroselectronicos.com\/?post_type=product&#038;p=539"},"modified":"2025-10-27T14:27:46","modified_gmt":"2025-10-27T19:27:46","slug":"cable-plug-35-a-xlr-canon-macho-de-3-6-metros-digital","status":"publish","type":"product","link":"https:\/\/suministroselectronicos.com\/index.php\/product\/cable-plug-35-a-xlr-canon-macho-de-3-6-metros-digital\/","title":{"rendered":"Cable Plug 3,5 A Xlr Canon Macho De 3.6 Metros Digital"},"content":{"rendered":"<p>CARACTERISTICAS TECNICAS<br \/>\n-Marca DIGITAL<br \/>\n&#8211; Conector de entrada: XLR MACHO<br \/>\n&#8211; Conector de salida: XLR HEMBRA<br \/>\n&#8211; Herraje o conector met\u00e1lico en cada otro extremo.<br \/>\n&#8211; Blindaje anti-interferencias EMI (Interferencias electromagn\u00e9ticas).<br \/>\n&#8211; Tres polos que transportan se\u00f1ales balanceadas.<\/p>\n","protected":false},"excerpt":{"rendered":"<p>El conector XLR es un tipo de conector circular de tres contactos con capacidad de bloqueo que se emplea principalmente para transportar se\u00f1ales de audio balanceadas, desde un micr\u00f3fono o receptor de micr\u00f3fono inal\u00e1mbrico a un amplificador o mixer. Consta de 3 pines y est\u00e1 muy relacionado con la conexi\u00f3n de audio balanceada de audio AES3.<\/p>\n","protected":false},"featured_media":200,"comment_status":"closed","ping_status":"closed","template":"","meta":{"_joinchat":[]},"product_brand":[],"product_cat":[780,802],"product_tag":[149,150,44,148,158,137,159,160,168,129,120,117,135,163,126,127,130,132,131,118,133,124,166,167,125,134,162,147,119,122,121,136,143,142,116,141,152,156,157,153,154,155,128,123,161,139,165,164,145,146,151,144,140,138],"class_list":{"0":"post-539","1":"product","2":"type-product","3":"status-publish","4":"has-post-thumbnail","6":"product_cat-sonido","7":"product_cat-extensiones-de-sonido","8":"product_tag-1-hembra-a-2-machos","9":"product_tag-2-xlr-a-plug-trs","10":"product_tag-accesorios-de-audio","11":"product_tag-adaptador-de-audio","12":"product_tag-alta-calidad-de-sonido","13":"product_tag-alta-fidelidad","14":"product_tag-audio-estereo","15":"product_tag-audio-mono","16":"product_tag-cable-1-4-mono-a-xlr-hembra","17":"product_tag-cable-balanceado","18":"product_tag-cable-canon","19":"product_tag-cable-de-audio","20":"product_tag-cable-digital","21":"product_tag-cable-duradero","22":"product_tag-cable-estereo","23":"product_tag-cable-mono","24":"product_tag-cable-no-balanceado","25":"product_tag-cable-para-bajo","26":"product_tag-cable-para-guitarra","27":"product_tag-cable-para-microfono","28":"product_tag-cable-para-teclado","29":"product_tag-cable-plug-1-4","30":"product_tag-cable-plug-3-5-a-xlr-hembra-1-8-mts","31":"product_tag-cable-plug-3-5-a-xlr-macho-10-mts","32":"product_tag-cable-plug-3-5-mm","33":"product_tag-cable-profesional","34":"product_tag-cable-resistente","35":"product_tag-cable-tipo-y","36":"product_tag-cable-xlr","37":"product_tag-cable-xlr-hembra","38":"product_tag-cable-xlr-macho","39":"product_tag-conectores-metalicos","40":"product_tag-conexion-para-instrumentos","41":"product_tag-conexion-para-microfono","42":"product_tag-equipos-de-sonido","43":"product_tag-estudios-de-grabacion","44":"product_tag-extension-de-1-8-metros","45":"product_tag-extension-de-10-metros","46":"product_tag-extension-de-15-metros","47":"product_tag-extension-de-3-6-metros","48":"product_tag-extension-de-5-5-metros","49":"product_tag-extension-de-7-5-metros","50":"product_tag-extension-de-audifonos","51":"product_tag-extension-para-microfono","52":"product_tag-facil-conexion","53":"product_tag-grabacion","54":"product_tag-ideal-para-escenario","55":"product_tag-ideal-para-estudio","56":"product_tag-jack-1-4-a-canon","57":"product_tag-jack-3-5-a-canon","58":"product_tag-longitud-90-cm","59":"product_tag-plug-a-xlr","60":"product_tag-sonido-en-vivo","61":"product_tag-sonido-profesional","63":"first","64":"instock","65":"taxable","66":"shipping-taxable","67":"purchasable","68":"product-type-simple"},"_links":{"self":[{"href":"https:\/\/suministroselectronicos.com\/index.php\/wp-json\/wp\/v2\/product\/539","targetHints":{"allow":["GET"]}}],"collection":[{"href":"https:\/\/suministroselectronicos.com\/index.php\/wp-json\/wp\/v2\/product"}],"about":[{"href":"https:\/\/suministroselectronicos.com\/index.php\/wp-json\/wp\/v2\/types\/product"}],"replies":[{"embeddable":true,"href":"https:\/\/suministroselectronicos.com\/index.php\/wp-json\/wp\/v2\/comments?post=539"}],"wp:featuredmedia":[{"embeddable":true,"href":"https:\/\/suministroselectronicos.com\/index.php\/wp-json\/wp\/v2\/media\/200"}],"wp:attachment":[{"href":"https:\/\/suministroselectronicos.com\/index.php\/wp-json\/wp\/v2\/media?parent=539"}],"wp:term":[{"taxonomy":"product_brand","embeddable":true,"href":"https:\/\/suministroselectronicos.com\/index.php\/wp-json\/wp\/v2\/product_brand?post=539"},{"taxonomy":"product_cat","embeddable":true,"href":"https:\/\/suministroselectronicos.com\/index.php\/wp-json\/wp\/v2\/product_cat?post=539"},{"taxonomy":"product_tag","embeddable":true,"href":"https:\/\/suministroselectronicos.com\/index.php\/wp-json\/wp\/v2\/product_tag?post=539"}],"curies":[{"name":"wp","href":"https:\/\/api.w.org\/{rel}","templated":true}]}}