{"id":1492,"date":"2025-11-21T16:04:13","date_gmt":"2025-11-21T21:04:13","guid":{"rendered":"https:\/\/suministroselectronicos.com\/?post_type=product&#038;p=1492"},"modified":"2025-11-21T16:04:13","modified_gmt":"2025-11-21T21:04:13","slug":"rastreador-localizador-de-cables-uni-t-ut25a-ncv-gfci","status":"publish","type":"product","link":"https:\/\/suministroselectronicos.com\/index.php\/product\/rastreador-localizador-de-cables-uni-t-ut25a-ncv-gfci\/","title":{"rendered":"Rastreador Localizador De Cables Uni-t Ut25a Ncv Gfci"},"content":{"rendered":"<p>Localizador de cables interrumpidos.<br \/>\nVoltaje de operaci\u00f3n: 90V &#8211; 120VAC<br \/>\nFrecuencia: 47Hz &#8211; 63Hz.<br \/>\nPrueba GFCI: 6mA.<br \/>\nMediciones: Tierra abierta, Neutro abierto, L\u00ednea abierta, L\u00ednea\/Neutro invertido, L\u00ednea\/Tierra invertido, Correcto<br \/>\nPrueba GFCI.<br \/>\nSensibilidad ajustable, Indicador por sonido y luz.<br \/>\nNCV<\/p>\n<p>Caracter\u00edstica General<br \/>\nEnerg\u00eda: Bater\u00eda de 9V (6F22)<br \/>\nColor del producto: Rojo y gris<br \/>\nPeso neto del producto: Transmisor-110g \/ Receptor-110g<br \/>\nTama\u00f1o del producto: Transmisor-103mm \u00d7 56mm \u00d7 30mm \/ Receptor-192mm \u00d7 54mm \u00d7 28mm<br \/>\nAccesorios incluidos: Pilas<br \/>\nEmbalaje: Bl\u00edster, Manual en ingl\u00e9s<br \/>\nCantidad por caja: 40 unidades<br \/>\nPeso bruto de la caja: 15,8 kg<\/p>\n","protected":false},"excerpt":{"rendered":"<p>Equipo de diagn\u00f3stico el\u00e9ctrico profesional, contiene indicadores LED e indicaci\u00f3n auditiva, dise\u00f1ado para facilitar el trabajo del personal t\u00e9cnico que requiere identificar el recorrido de un cable dentro de una estructura que impide verlo, sin tener que desarmar nada. Conectar el transmisor en el toma corriente deseado y con el rastreador se podr\u00e1 identificar el breaker y\/o l\u00ednea de cables correspondientes a ese toma corriente. El UT25A contiene indicadores LED e indicaci\u00f3n auditiva.<\/p>\n","protected":false},"featured_media":1493,"comment_status":"open","ping_status":"closed","template":"","meta":{"_joinchat":[]},"product_brand":[912],"product_cat":[805],"product_tag":[105,985,984,917,986],"class_list":{"0":"post-1492","1":"product","2":"type-product","3":"status-publish","4":"has-post-thumbnail","6":"product_brand-uni-t","7":"product_cat-sin-categorizar","8":"product_tag-cables","9":"product_tag-localizador","10":"product_tag-rastreador","11":"product_tag-uni-t","12":"product_tag-ut25a","14":"first","15":"instock","16":"taxable","17":"shipping-taxable","18":"purchasable","19":"product-type-simple"},"_links":{"self":[{"href":"https:\/\/suministroselectronicos.com\/index.php\/wp-json\/wp\/v2\/product\/1492","targetHints":{"allow":["GET"]}}],"collection":[{"href":"https:\/\/suministroselectronicos.com\/index.php\/wp-json\/wp\/v2\/product"}],"about":[{"href":"https:\/\/suministroselectronicos.com\/index.php\/wp-json\/wp\/v2\/types\/product"}],"replies":[{"embeddable":true,"href":"https:\/\/suministroselectronicos.com\/index.php\/wp-json\/wp\/v2\/comments?post=1492"}],"wp:featuredmedia":[{"embeddable":true,"href":"https:\/\/suministroselectronicos.com\/index.php\/wp-json\/wp\/v2\/media\/1493"}],"wp:attachment":[{"href":"https:\/\/suministroselectronicos.com\/index.php\/wp-json\/wp\/v2\/media?parent=1492"}],"wp:term":[{"taxonomy":"product_brand","embeddable":true,"href":"https:\/\/suministroselectronicos.com\/index.php\/wp-json\/wp\/v2\/product_brand?post=1492"},{"taxonomy":"product_cat","embeddable":true,"href":"https:\/\/suministroselectronicos.com\/index.php\/wp-json\/wp\/v2\/product_cat?post=1492"},{"taxonomy":"product_tag","embeddable":true,"href":"https:\/\/suministroselectronicos.com\/index.php\/wp-json\/wp\/v2\/product_tag?post=1492"}],"curies":[{"name":"wp","href":"https:\/\/api.w.org\/{rel}","templated":true}]}}