{"id":1034,"date":"2025-10-21T11:49:11","date_gmt":"2025-10-21T16:49:11","guid":{"rendered":"https:\/\/suministroselectronicos.com\/?post_type=product&#038;p=1034"},"modified":"2025-10-21T11:49:11","modified_gmt":"2025-10-21T16:49:11","slug":"conector-xlr-jack-canon-hembra-resortado","status":"publish","type":"product","link":"https:\/\/suministroselectronicos.com\/index.php\/product\/conector-xlr-jack-canon-hembra-resortado\/","title":{"rendered":"Conector Xlr Jack Canon Hembra Resortado"},"content":{"rendered":"<p>CARACTERISTICAS<\/p>\n<p>&#8211; Tipo de conector: XLR Hembra (plug)<br \/>\n&#8211; Cantidad de pines: 3 (balanceado: tierra, se\u00f1al positiva y se\u00f1al negativa)<br \/>\n&#8211; Material del cuerpo: Aleaci\u00f3n met\u00e1lica resistente o aluminio anodizado<br \/>\n&#8211; Tipo de conexi\u00f3n interna: Soldadura<br \/>\n&#8211; Alivio de tensi\u00f3n: Resorte met\u00e1lico flexible (antitorsi\u00f3n)<br \/>\n&#8211; Compatibilidad: Equipos de audio profesional, micr\u00f3fonos, mezcladoras, interfaces de audio, cables balanceados<br \/>\n&#8211; Sistema de bloqueo: Cierre mec\u00e1nico tipo clic para conexi\u00f3n segura<br \/>\n&#8211; Aislamiento: Blindaje contra interferencias electromagn\u00e9ticas (EMI) y radiofrecuencias (RFI)<br \/>\n&#8211; Dimensiones est\u00e1ndar: Compatible con cables de 6 mm<br \/>\n&#8211; Temperatura de operaci\u00f3n: -20 \u00b0C a 70 \u00b0C<\/p>\n","protected":false},"excerpt":{"rendered":"<p>Un Plug XLR resortado es un conector profesional de 3 pines, utilizado principalmente en sistemas de audio balanceado. Su dise\u00f1o incluye un resorte o cubierta flexible que act\u00faa como alivio de tensi\u00f3n, protegiendo el cableado contra dobleces o tirones frecuentes. Ideal para aplicaciones en estudios de grabaci\u00f3n, sonido en vivo y equipos audiovisuales profesionales.<\/p>\n","protected":false},"featured_media":1035,"comment_status":"open","ping_status":"closed","template":"","meta":{"_joinchat":[]},"product_brand":[],"product_cat":[780,781],"product_tag":[185,856,182,195,184],"class_list":{"0":"post-1034","1":"product","2":"type-product","3":"status-publish","4":"has-post-thumbnail","6":"product_cat-sonido","7":"product_cat-adaptadores-de-audio","8":"product_tag-canon","9":"product_tag-conector","10":"product_tag-jack","11":"product_tag-sonido","12":"product_tag-xlr","14":"first","15":"instock","16":"taxable","17":"shipping-taxable","18":"purchasable","19":"product-type-simple"},"_links":{"self":[{"href":"https:\/\/suministroselectronicos.com\/index.php\/wp-json\/wp\/v2\/product\/1034","targetHints":{"allow":["GET"]}}],"collection":[{"href":"https:\/\/suministroselectronicos.com\/index.php\/wp-json\/wp\/v2\/product"}],"about":[{"href":"https:\/\/suministroselectronicos.com\/index.php\/wp-json\/wp\/v2\/types\/product"}],"replies":[{"embeddable":true,"href":"https:\/\/suministroselectronicos.com\/index.php\/wp-json\/wp\/v2\/comments?post=1034"}],"wp:featuredmedia":[{"embeddable":true,"href":"https:\/\/suministroselectronicos.com\/index.php\/wp-json\/wp\/v2\/media\/1035"}],"wp:attachment":[{"href":"https:\/\/suministroselectronicos.com\/index.php\/wp-json\/wp\/v2\/media?parent=1034"}],"wp:term":[{"taxonomy":"product_brand","embeddable":true,"href":"https:\/\/suministroselectronicos.com\/index.php\/wp-json\/wp\/v2\/product_brand?post=1034"},{"taxonomy":"product_cat","embeddable":true,"href":"https:\/\/suministroselectronicos.com\/index.php\/wp-json\/wp\/v2\/product_cat?post=1034"},{"taxonomy":"product_tag","embeddable":true,"href":"https:\/\/suministroselectronicos.com\/index.php\/wp-json\/wp\/v2\/product_tag?post=1034"}],"curies":[{"name":"wp","href":"https:\/\/api.w.org\/{rel}","templated":true}]}}